{"id":6225,"date":"2021-12-27T14:17:26","date_gmt":"2021-12-27T05:17:26","guid":{"rendered":"https:\/\/decentans.jp\/?page_id=6225"},"modified":"2021-12-27T14:17:31","modified_gmt":"2021-12-27T05:17:31","slug":"tong-quan-ve-doanh-nghiep","status":"publish","type":"page","link":"https:\/\/decentans.jp\/?page_id=6225&lang=vi","title":{"rendered":"T\u1ed5ng Quan V\u1ec1 Doanh Nghi\u1ec7p"},"content":{"rendered":"\n<p>Ch\u00fang t\u00f4i l\u00e0 m\u1ed9t trong nh\u1eefng doanh nghi\u1ec7p \u0111\u1ea7u ti\u00ean ph\u00e1t tri\u1ec3n v\u00e0 s\u1ea3n xu\u1ea5t t\u00fai c\u00e0 ph\u00ea nh\u1ecf gi\u1ecdt \u1edf Nh\u1eadt B\u1ea3n v\u00e0 ch\u00fang t\u00f4i c\u0169ng \u0111\u00e3 kinh doanh s\u1ea3n xu\u1ea5t t\u00fai c\u00e0 ph\u00ea theo ph\u01b0\u01a1ng th\u1ee9c OEM, nh\u01b0ng s\u1ea3n ph\u1ea9m kh\u00f4ng h\u1eb3n l\u00e0 m\u1ed9t s\u1ea3n ph\u1ea9m qu\u00e1 h\u1ea5p d\u1eabn v\u00e0o th\u1eddi \u0111i\u1ec3m \u0111\u00f3.<\/p>\n\n\n\n<p>Hi\u1ec7n nay, ch\u00fang t\u00f4i th\u1ef1c hi\u1ec7n c\u00e1c h\u1ee3p \u0111\u1ed3ng gia c\u00f4ng, s\u1ea3n xu\u1ea5t nhi\u1ec1u lo\u1ea1i tr\u00e0 t\u00fai l\u1ecdc, c\u00e0 ph\u00ea t\u00fai l\u1ecdc, c\u00e0 ph\u00ea t\u00fai l\u1ecdc h\u01b0\u01a1ng li\u1ec7u c\u0169ng nh\u01b0 thi\u1ebft l\u1eadp d\u00e2y chuy\u1ec1n s\u1ea3n xu\u1ea5t,\u2026 Ngo\u00e0i gia c\u00f4ng tr\u00e0 t\u00fai l\u1ecdc h\u00ecnh tam gi\u00e1c (Pitre tea bag), ch\u00fang t\u00f4i c\u00f2n s\u1ea3n xu\u1ea5t c\u00e1c lo\u1ea1i gia c\u00f4ng tr\u00e0 t\u00fai ph\u1eb3ng, gia c\u00f4ng tr\u00e0 t\u00fai ph\u1eb3ng ch\u1eadt li\u1ec7u nylon, ch\u1ebf bi\u1ebfn c\u00e0 ph\u00ea t\u00fai nh\u1ecf gi\u1ecdt, v.v.<\/p>\n\n\n\n<p>Tr\u00ean h\u1ebft, ch\u00fang t\u00f4i c\u0169ng th\u1ef1c hi\u1ec7n qu\u1ea3n l\u00fd v\u1ec7 sinh m\u00f4i tr\u01b0\u1eddng th\u1ef1c ph\u1ea9m v\u00e0 s\u1ea3n xu\u1ea5t h\u00e0ng ng\u00e0y. V\u1edbi vi\u1ec7c ki\u1ec3m tra nh\u00e0 m\u00e1y th\u01b0\u1eddng xuy\u00ean b\u1edfi c\u00e1c \u0111\u1ea1i di\u1ec7n ch\u1ee9ng nh\u1eadn JAS h\u1eefu c\u01a1 v\u00e0 c\u00e1c c\u00f4ng ty th\u1ef1c ph\u1ea9m l\u1edbn kh\u00e1c, ch\u00fang t\u00f4i \u0111ang c\u1ea3i ti\u1ebfn h\u00e0ng ng\u00e0y \u0111\u1ec3 cung c\u1ea5p c\u00e1c s\u1ea3n ph\u1ea9m an to\u00e0n v\u00e0 \u0111\u1ea3m b\u1ea3o ch\u1ea5t l\u01b0\u1ee3ng \u0111\u1ec3 cung c\u1ea5p cho ng\u01b0\u1eddi d\u00f9ng.<\/p>\n\n\n\n<p>Kh\u00e1ch h\u00e0ng s\u1ebd cung c\u1ea5p nguy\u00ean li\u1ec7u th\u00f4 v\u00e0 ch\u00fang t\u00f4i s\u1ebd th\u1ef1c hi\u1ec7n quy tr\u00ecnh s\u1ea3n xu\u1ea5t t\u00fai tr\u00e0.<\/p>\n\n\n\n<p>N\u1ebfu qu\u00fd kh\u00e1ch c\u00f3 nhu c\u1ea7u, ch\u00fang t\u00f4i r\u1ea5t vui l\u00f2ng gi\u1edbi thi\u1ec7u m\u1ed9t b\u00ean th\u1ee9 ba \u0111\u1ea1i di\u1ec7n cho quy tr\u00ecnh x\u1eed l\u00fd c\u00e1c nguy\u00ean li\u1ec7u th\u00f4 kh\u00e1c nhau.<\/p>\n\n\n\n<p>Ch\u00fang t\u00f4i c\u0169ng c\u00f3 m\u1ed9t b\u1ed9 ph\u1eadn t\u01b0 v\u1ea5n v\u1ec1 v\u1ea5n \u0111\u1ec1 quy tr\u00ecnh nghi\u1ec1n th\u00e0nh b\u1ed9t v\u00e0 c\u1eaft c\u00e1c nguy\u00ean li\u1ec7u th\u00f4.<\/p>\n\n\n\n<p>V\u1edbi m\u1ed7i \u0111\u01a1n h\u00e0ng, ch\u00fang t\u00f4i s\u1ebd ph\u00e2n b\u1ed5 nh\u00e0 m\u00e1y ch\u1ebf bi\u1ebfn d\u1ef1a theo h\u1ea1t c\u00e0 ph\u00ea, lo\u1ea1i ch\u00e8, h\u00ecnh th\u1ee9c ch\u1ebf bi\u1ebfn, v\u00f9ng mi\u1ec1n, v.v.<\/p>\n\n\n\n<p>Ch\u00fang t\u00f4i c\u0169ng \u0111\u00e3 t\u01b0 v\u1ea5n v\u1ec1 \u0111\u00f3ng bao b\u00ean ngo\u00e0i, \u0111\u00f3ng g\u00f3i h\u1ed9p nh\u1ecf, bao b\u00ec gi\u1ea5y b\u00f3ng k\u00ednh, bao b\u00ec co, d\u00e2y chuy\u1ec1n thi\u1ebft l\u1eadp, v.v.<br>Ch\u00fang t\u00f4i \u0111\u00e3 ph\u00e1t tri\u1ec3n nhi\u1ec1u s\u1ea3n ph\u1ea9m m\u1edbi v\u00e0 cung c\u1ea5p c\u00f4ng ngh\u1ec7 cho c\u00e1c c\u00f4ng ty Ch\u00e2u \u00c2u.<\/p>\n","protected":false},"excerpt":{"rendered":"Ch\u00fang t\u00f4i l\u00e0 m\u1ed9t trong nh\u1eefng doanh nghi\u1ec7p \u0111\u1ea7u ti\u00ean ph\u00e1t tri\u1ec3n v\u00e0 s\u1ea3n xu\u1ea5t t\u00fai c\u00e0 ph\u00ea nh\u1ecf gi\u1ecdt \u1edf Nh\u1eadt B\u1ea3n v\u00e0 ch [&hellip;]","protected":false},"author":1,"featured_media":0,"parent":0,"menu_order":0,"comment_status":"closed","ping_status":"closed","template":"page-co.php","meta":{"footnotes":""},"class_list":["post-6225","page","type-page","status-publish","hentry"],"_links":{"self":[{"href":"https:\/\/decentans.jp\/index.php?rest_route=\/wp\/v2\/pages\/6225","targetHints":{"allow":["GET"]}}],"collection":[{"href":"https:\/\/decentans.jp\/index.php?rest_route=\/wp\/v2\/pages"}],"about":[{"href":"https:\/\/decentans.jp\/index.php?rest_route=\/wp\/v2\/types\/page"}],"author":[{"embeddable":true,"href":"https:\/\/decentans.jp\/index.php?rest_route=\/wp\/v2\/users\/1"}],"replies":[{"embeddable":true,"href":"https:\/\/decentans.jp\/index.php?rest_route=%2Fwp%2Fv2%2Fcomments&post=6225"}],"version-history":[{"count":1,"href":"https:\/\/decentans.jp\/index.php?rest_route=\/wp\/v2\/pages\/6225\/revisions"}],"predecessor-version":[{"id":6227,"href":"https:\/\/decentans.jp\/index.php?rest_route=\/wp\/v2\/pages\/6225\/revisions\/6227"}],"wp:attachment":[{"href":"https:\/\/decentans.jp\/index.php?rest_route=%2Fwp%2Fv2%2Fmedia&parent=6225"}],"curies":[{"name":"wp","href":"https:\/\/api.w.org\/{rel}","templated":true}]}}